{"id":59,"date":"2022-08-06T09:22:39","date_gmt":"2022-08-06T07:22:39","guid":{"rendered":"https:\/\/lukpol.com.pl\/new_site\/?page_id=59"},"modified":"2024-02-22T11:55:32","modified_gmt":"2024-02-22T10:55:32","slug":"produkty","status":"publish","type":"page","link":"https:\/\/lukpol.com.pl\/?page_id=59","title":{"rendered":"Katalogi"},"content":{"rendered":"\n<hr class=\"wp-block-separator has-alpha-channel-opacity\"\/>\n\n\n\n<p>Zapoznaj si\u0119 z nasz\u0105 szerok\u0105 ofert\u0105 obuwia, aby dowiedzie\u0107 si\u0119 wi\u0119cej zapraszamy do <a href=\"https:\/\/lukpol.com.pl\/new_site\/?page_id=28\" data-type=\"URL\" data-id=\"https:\/\/lukpol.com.pl\/new_site\/?page_id=28\">kontaktu <\/a>z naszym dzia\u0142em sprzeda\u017cy. <\/p>\n\n\n\n<div class=\"wp-block-group\"><div class=\"wp-block-group__inner-container is-layout-flow wp-block-group-is-layout-flow\">\n<h3 class=\"katalog-wiosna-lato\" style=\"cursor: pointer; \"> &gt; Katalog wiosna-lato<\/h3>\n\n\n\n<h3 class=\"katalog-jesien-zima\" style=\"cursor: pointer;\"> &gt; Katalog jesie\u0144-zima<\/h3>\n<\/div><\/div>\n\n\n<div class=\"wp-block-image\">\n<figure class=\"alignleft size-large is-resized\"><img decoding=\"async\" src=\"https:\/\/lukpol.com.pl\/wp-content\/uploads\/2024\/01\/Bi%20poly.jpg\" alt=\"\" style=\"width:334px;height:auto\"\/><\/figure>\n<\/div>\n\n<div class=\"wp-block-image\">\n<figure class=\"alignleft size-large is-resized\"><img decoding=\"async\" src=\"https:\/\/lukpol.com.pl\/wp-content\/uploads\/2024\/01\/BI%20poly%20STERILIZATION%20PL.jpg\" alt=\"\" style=\"width:329px;height:auto\"\/><\/figure>\n<\/div>\n\n\n<p><\/p>\n\n\n\n<p><\/p>\n\n\n\n<p><\/p>\n\n\n\n<p><\/p>\n\n\n\n<p><\/p>\n\n\n\n<p><\/p>\n\n\n\n<p>Jeste\u015bmy do twojej dyspozycji od poniedzia\u0142ku do pi\u0105tku w godzinach 08:00-16:00 <\/p>\n","protected":false},"excerpt":{"rendered":"<p>Zapoznaj si\u0119 z nasz\u0105 szerok\u0105 ofert\u0105 obuwia, aby dowiedzie\u0107 si\u0119 wi\u0119cej zapraszamy do kontaktu z naszym dzia\u0142em sprzeda\u017cy. &gt; Katalog wiosna-lato &gt; Katalog jesie\u0144-zima Jeste\u015bmy do twojej dyspozycji od poniedzia\u0142ku do pi\u0105tku w godzinach 08:00-16:00<\/p>\n","protected":false},"author":1,"featured_media":0,"parent":0,"menu_order":0,"comment_status":"closed","ping_status":"closed","template":"","meta":{"footnotes":""},"class_list":["post-59","page","type-page","status-publish","hentry","clearfix"],"_links":{"self":[{"href":"https:\/\/lukpol.com.pl\/index.php?rest_route=\/wp\/v2\/pages\/59","targetHints":{"allow":["GET"]}}],"collection":[{"href":"https:\/\/lukpol.com.pl\/index.php?rest_route=\/wp\/v2\/pages"}],"about":[{"href":"https:\/\/lukpol.com.pl\/index.php?rest_route=\/wp\/v2\/types\/page"}],"author":[{"embeddable":true,"href":"https:\/\/lukpol.com.pl\/index.php?rest_route=\/wp\/v2\/users\/1"}],"replies":[{"embeddable":true,"href":"https:\/\/lukpol.com.pl\/index.php?rest_route=%2Fwp%2Fv2%2Fcomments&post=59"}],"version-history":[{"count":50,"href":"https:\/\/lukpol.com.pl\/index.php?rest_route=\/wp\/v2\/pages\/59\/revisions"}],"predecessor-version":[{"id":366,"href":"https:\/\/lukpol.com.pl\/index.php?rest_route=\/wp\/v2\/pages\/59\/revisions\/366"}],"wp:attachment":[{"href":"https:\/\/lukpol.com.pl\/index.php?rest_route=%2Fwp%2Fv2%2Fmedia&parent=59"}],"curies":[{"name":"wp","href":"https:\/\/api.w.org\/{rel}","templated":true}]}}