{"id":2,"date":"2022-06-27T11:39:09","date_gmt":"2022-06-27T09:39:09","guid":{"rendered":"https:\/\/lukpol.com.pl\/new_site\/?page_id=2"},"modified":"2022-08-25T12:17:02","modified_gmt":"2022-08-25T10:17:02","slug":"przykladowa-strona","status":"publish","type":"page","link":"https:\/\/lukpol.com.pl\/","title":{"rendered":"O nas!"},"content":{"rendered":"\n<p><strong>Przedsi\u0119biorstwo Produkcyjno &#8211; Handlowo &#8211; Us\u0142ugowe \u0141UKPOL to<\/strong>&nbsp;producent obuwia roboczego, u\u017cytkowego i gospodarczego o ugruntowanej pozycji i bogatym do\u015bwiadczeniu nabytym w trakcie 30 letniej dzia\u0142alno\u015bci&nbsp;<\/p>\n\n\n\n<p>NR.KRS-0000140145, kapita\u0142 za\u0142o\u017cycielski&nbsp;2 300 000 z\u0142 op\u0142acony w ca\u0142o\u015bci.<\/p>\n\n\n\n<p>W ostatnim czasie sw\u0105 ofert\u0119 poszerzyli\u015bmy o kalosze, kt\u00f3re sprawdzaj\u0105 si\u0119 nie tylko w deszczow\u0105 i pochmurn\u0105 pogod\u0119, ale mog\u0105 stanowi\u0107 ciekawe po\u0142\u0105czenie z codziennym strojem. Bogaty wyb\u00f3r wzorniczy kaloszy sprawi, i\u017c ka\u017cdy z Pa\u0144stwa b\u0119dzie m\u00f3g\u0142 wybra\u0107 co\u015b dla Siebie.<\/p>\n\n\n\n<p>Zim\u0105 rewelacyjnie sprawdzaj\u0105 si\u0119 \u015bniegowce, kt\u00f3re zapewniaj\u0105 izolacj\u0119 termiczn\u0105 i utrzymuj\u0105 temperatur\u0119. \u015aniegowce naszej produkcji s\u0105 wykonane metod\u0105 wtryskow\u0105.<\/p>\n\n\n\n<p>Obuwie przez nas produkowane wykonywane jest najtrwalszymi metodami ze sk\u00f3r naturalnych i materia\u0142\u00f3w syntetycznych koagulowanych. Do cel\u00f3w produkcyjnych u\u017cywamy nowoczesnego parku maszynowego i zaplecza technicznego.<\/p>\n\n\n\n<p>W zak\u0142adzie stosowanych jest kilka system\u00f3w produkcji:<\/p>\n\n\n\n<ul class=\"wp-block-list\"><li>bezpo\u015bredni wtrysk PVC i TR<\/li><li>monta\u017cowy &#8211; klejono &#8211; szyty<\/li><li>nalewanie PU<\/li><\/ul>\n\n\n\n<p><br>W najbli\u017cszej przysz\u0142o\u015bci planujemy r\u00f3wnie\u017c wprowadzenie systemu bezpo\u015bredniego wtrysku PU\/PU, PU\/TR.<br>Obecnie pracujemy w grupie 200 os\u00f3b dbaj\u0105c o ci\u0105g\u0142e podnoszenie kwalifikacji naszych pracownik\u00f3w.<\/p>\n\n\n\n<p>Ka\u017cdego sezonu wprowadzamy nowe wzory ciesz\u0105ce si\u0119 du\u017cym zainteresowaniem klient\u00f3w. Wsp\u00f3\u0142praca z jednostkami badawczo &#8211; rozwojowymi (CLPO, IPS i inne) sprawia, \u017ce obuwie produkowane jest wed\u0142ug surowych norm jako\u015bciowych CE, zapewnia komfort&nbsp;i bezpiecze\u0144stwo PN-EN co daje pewno\u015b\u0107 dobrego wyboru naszym klientom.<br><br>Wielko\u015b\u0107 produkcji firmy umo\u017cliwia zaproponowanie najni\u017cszych cen w po\u0142\u0105czeniu z ciekawym wzornictwem, dlatego na li\u015bcie naszych klient\u00f3w pr\u00f3cz rodzimego kraju nie brakuje r\u00f3wnie\u017c odbiorc\u00f3w z zagranicy (W\u0142och, Hiszpanii, Grecji, Portugalii, Anglii, Litwy, \u0141otwy, Estonii, S\u0142owacji, Bia\u0142orusi, Ukrainy i Rosji) oraz du\u017cych sieci market\u00f3w.<br><br>Naszym celem jest zapewni\u0107 klientom pe\u0142n\u0105 satysfakcj\u0119 poprzez ci\u0105g\u0142e inwestycje w technologie i nowe rodzaje obuwia, gdy\u017c uznanie i zainteresowanie odbiorc\u00f3w najlepiej mobilizuje do pracy ca\u0142y nasz zesp\u00f3\u0142.<\/p>\n\n\n\n<p>Jednak nie musisz wierzy\u0107 nam na s\u0142owo&#8230;<br><br>\u2026zapraszamy do wsp\u00f3\u0142pracy!<\/p>\n\n\n\n<p><\/p>\n\n\n\n<p><\/p>\n","protected":false},"excerpt":{"rendered":"<p>Przedsi\u0119biorstwo Produkcyjno &#8211; Handlowo &#8211; Us\u0142ugowe \u0141UKPOL to&nbsp;producent obuwia roboczego, u\u017cytkowego i gospodarczego o ugruntowanej pozycji i bogatym do\u015bwiadczeniu nabytym w trakcie 30 letniej dzia\u0142alno\u015bci&nbsp; NR.KRS-0000140145, kapita\u0142 za\u0142o\u017cycielski&nbsp;2 300 000 z\u0142 op\u0142acony w ca\u0142o\u015bci. W ostatnim czasie sw\u0105 ofert\u0119 poszerzyli\u015bmy [&hellip;]<\/p>\n","protected":false},"author":1,"featured_media":0,"parent":0,"menu_order":0,"comment_status":"closed","ping_status":"open","template":"","meta":{"footnotes":""},"class_list":["post-2","page","type-page","status-publish","hentry","clearfix"],"_links":{"self":[{"href":"https:\/\/lukpol.com.pl\/index.php?rest_route=\/wp\/v2\/pages\/2","targetHints":{"allow":["GET"]}}],"collection":[{"href":"https:\/\/lukpol.com.pl\/index.php?rest_route=\/wp\/v2\/pages"}],"about":[{"href":"https:\/\/lukpol.com.pl\/index.php?rest_route=\/wp\/v2\/types\/page"}],"author":[{"embeddable":true,"href":"https:\/\/lukpol.com.pl\/index.php?rest_route=\/wp\/v2\/users\/1"}],"replies":[{"embeddable":true,"href":"https:\/\/lukpol.com.pl\/index.php?rest_route=%2Fwp%2Fv2%2Fcomments&post=2"}],"version-history":[{"count":4,"href":"https:\/\/lukpol.com.pl\/index.php?rest_route=\/wp\/v2\/pages\/2\/revisions"}],"predecessor-version":[{"id":253,"href":"https:\/\/lukpol.com.pl\/index.php?rest_route=\/wp\/v2\/pages\/2\/revisions\/253"}],"wp:attachment":[{"href":"https:\/\/lukpol.com.pl\/index.php?rest_route=%2Fwp%2Fv2%2Fmedia&parent=2"}],"curies":[{"name":"wp","href":"https:\/\/api.w.org\/{rel}","templated":true}]}}