{"id":137,"date":"2022-08-06T13:21:57","date_gmt":"2022-08-06T11:21:57","guid":{"rendered":"https:\/\/lukpol.com.pl\/new_site\/?page_id=137"},"modified":"2024-02-22T15:48:59","modified_gmt":"2024-02-22T14:48:59","slug":"do-pobrania","status":"publish","type":"page","link":"https:\/\/lukpol.com.pl\/?page_id=137","title":{"rendered":"Do pobrania"},"content":{"rendered":"\n<hr class=\"wp-block-separator has-alpha-channel-opacity\"\/>\n\n\n\n<p>Aby uzyska\u0107 certyfikaty oraz dodatkowe informacje na temat naszych produkt\u00f3w <a href=\"https:\/\/lukpol.com.pl\/new_site\/?page_id=28\" data-type=\"URL\" data-id=\"https:\/\/lukpol.com.pl\/new_site\/?page_id=28\">skontaktuj <\/a>si\u0119 z naszym dzia\u0142em sprzeda\u017cy <\/p>\n\n\n\n<div><a href=\"https:\/\/lukpol.com.pl\/wp-content\/uploads\/2022\/08\/PROTOKOL_REKLAMACYJNY.pdf\" target=\"blank\" class=\"download_button\" rel=\"noopener\"><span>Pobierz<\/span><span>PDF<\/span><\/a> <span>Protok\u00f3\u0142 reklamacyjny<\/span><\/div>\n\n\n\n<div><a href=\"https:\/\/lukpol.com.pl\/wp-content\/uploads\/2022\/08\/LUKPOL-WIOSNA-LATO-katalog.pdf\" target=\"blank\" class=\"download_button\" rel=\"noopener\"><span>Pobierz<\/span><span>PDF<\/span><\/a> <span>\u0141ukpol Wiosna-Lato katalog<\/span><\/div>\n\n\n\n<div><a href=\"https:\/\/lukpol.com.pl\/wp-content\/uploads\/2022\/08\/LUKPOL-JESIEN-ZIMA-katalog.pdf\" target=\"blank\" class=\"download_button\" rel=\"noopener\"><span>Pobierz<\/span><span>PDF<\/span><\/a> <span>\u0141ukpol Jesie\u0144-Zima katalog<\/span><\/div>\n\n\n\n<div><a href=\"https:\/\/lukpol.com.pl\/wp-content\/uploads\/2024\/01\/maska_medyczna_ulotka.pdf\" target=\"blank\" class=\"download_button\" rel=\"noopener\"><span>Pobierz<\/span><span>PDF<\/span><\/a> <span>Maska Medyczna<\/span><\/div>\n\n\n\n<div><a href=\"https:\/\/lukpol.com.pl\/wp-content\/uploads\/2024\/01\/ULOTKA%20TECHWORK%207%20%20PL.pdf\" target=\"blank\" class=\"download_button\" rel=\"noopener\"><span>Pobierz<\/span><span>PDF<\/span><\/a> <span>Ulotka Techwork 7 PL<\/span><\/div>\n","protected":false},"excerpt":{"rendered":"<p>Aby uzyska\u0107 certyfikaty oraz dodatkowe informacje na temat naszych produkt\u00f3w skontaktuj si\u0119 z naszym dzia\u0142em sprzeda\u017cy PobierzPDF Protok\u00f3\u0142 reklamacyjny PobierzPDF \u0141ukpol Wiosna-Lato katalog PobierzPDF \u0141ukpol Jesie\u0144-Zima katalog PobierzPDF Maska Medyczna PobierzPDF Ulotka Techwork 7 PL<\/p>\n","protected":false},"author":1,"featured_media":0,"parent":0,"menu_order":0,"comment_status":"closed","ping_status":"closed","template":"single-event.php","meta":{"footnotes":""},"class_list":["post-137","page","type-page","status-publish","hentry","clearfix"],"_links":{"self":[{"href":"https:\/\/lukpol.com.pl\/index.php?rest_route=\/wp\/v2\/pages\/137","targetHints":{"allow":["GET"]}}],"collection":[{"href":"https:\/\/lukpol.com.pl\/index.php?rest_route=\/wp\/v2\/pages"}],"about":[{"href":"https:\/\/lukpol.com.pl\/index.php?rest_route=\/wp\/v2\/types\/page"}],"author":[{"embeddable":true,"href":"https:\/\/lukpol.com.pl\/index.php?rest_route=\/wp\/v2\/users\/1"}],"replies":[{"embeddable":true,"href":"https:\/\/lukpol.com.pl\/index.php?rest_route=%2Fwp%2Fv2%2Fcomments&post=137"}],"version-history":[{"count":57,"href":"https:\/\/lukpol.com.pl\/index.php?rest_route=\/wp\/v2\/pages\/137\/revisions"}],"predecessor-version":[{"id":367,"href":"https:\/\/lukpol.com.pl\/index.php?rest_route=\/wp\/v2\/pages\/137\/revisions\/367"}],"wp:attachment":[{"href":"https:\/\/lukpol.com.pl\/index.php?rest_route=%2Fwp%2Fv2%2Fmedia&parent=137"}],"curies":[{"name":"wp","href":"https:\/\/api.w.org\/{rel}","templated":true}]}}